{"id":741,"date":"2022-05-12T17:45:24","date_gmt":"2022-05-12T17:45:24","guid":{"rendered":"https:\/\/sannedeboer.nl\/?page_id=741"},"modified":"2023-08-01T10:34:20","modified_gmt":"2023-08-01T10:34:20","slug":"lesungen","status":"publish","type":"page","link":"https:\/\/sannedeboer.nl\/de\/lesungen\/","title":{"rendered":"Lesungen"},"content":{"rendered":"<header id='block_3e5ebe4f2e63ac8ae45466cafc7096b4' class='entry-header alignfull layout-center-content acf-header alignfull ' style=\"background: url('https:\/\/sannedeboer.nl\/wp-content\/uploads\/2022\/05\/joao-cruz-IkEpl3JkVqU-unsplash-scaled-e1653250549241.jpg') no-repeat; background-size: cover; background-position: center\">\n\t<div class=\"container\">\n\t\t<h2 class=\"entry-author text-center\">Sanne de Boer<\/h2>\n\t\t<h1 class=\"entry-title text-center\">Lesungen<\/h1>\n\t\t<div class=\"entry-description\"><p>Sanne als Sprecherin<\/p>\n<\/div>\n\t<\/div>\n<\/header>\n\n\n<div class=\"wp-block-media-text alignwide has-media-on-the-right is-stacked-on-mobile\"><figure class=\"wp-block-media-text__media\"><img decoding=\"async\" width=\"640\" height=\"427\" src=\"https:\/\/sannedeboer.nl\/wp-content\/uploads\/2022\/06\/Summit-Sanne-de-Boer.jpeg\" alt=\"\" class=\"wp-image-509 size-full\" srcset=\"https:\/\/sannedeboer.nl\/wp-content\/uploads\/2022\/06\/Summit-Sanne-de-Boer.jpeg 640w, https:\/\/sannedeboer.nl\/wp-content\/uploads\/2022\/06\/Summit-Sanne-de-Boer-300x200.jpeg 300w\" sizes=\"(max-width: 640px) 100vw, 640px\" \/><\/figure><div class=\"wp-block-media-text__content\">\n<h2 class=\"wp-block-heading\">Sanne als Sprecherin<\/h2>\n\n\n\n<p>Sanne de Boer teilt ihre Zeit zwischen den Niederlanden und Italien auf, und h\u00e4lt regelm\u00e4\u00dfig Vortr\u00e4ge in Deutschland, zum beispiel bei Leipzig Liest und beim<a href=\"https:\/\/literarischer-sommer.eu\" target=\"_blank\" rel=\"noreferrer noopener\"> Literarischen Sommer<\/a>. Darin spricht sie unter anderem \u00fcber die Erfahrungen, die zum Schreiben ihres Buches f\u00fchrten, den Einfluss, den internationale kriminelle Organisationen wie die &#8218;Ndrangheta auf unser t\u00e4gliches Leben haben, und wie wir diesen begrenzen k\u00f6nnen.<\/p>\n\n\n\n<p>Sanne hat ein breitgef\u00e4chertes Publikum: vom Leser von Krimis und Romanen,&nbsp;Italienliebhaber und Sch\u00fcler,&nbsp;bishin zu&nbsp;Kriminalisten&nbsp;interessieren sich&nbsp;f\u00fcr&nbsp;ihre Geschichte.<\/p>\n\n\n\n<p><\/p>\n<\/div><\/div>\n\n\n\n<div class=\"wp-block-media-text alignwide is-stacked-on-mobile\"><figure class=\"wp-block-media-text__media\"><img decoding=\"async\" width=\"1024\" height=\"768\" src=\"https:\/\/sannedeboer.nl\/wp-content\/uploads\/2023\/07\/PHOTO-2023-07-16-11-53-43-1024x768.jpg\" alt=\"\" class=\"wp-image-804 size-full\" srcset=\"https:\/\/sannedeboer.nl\/wp-content\/uploads\/2023\/07\/PHOTO-2023-07-16-11-53-43-1024x768.jpg 1024w, https:\/\/sannedeboer.nl\/wp-content\/uploads\/2023\/07\/PHOTO-2023-07-16-11-53-43-300x225.jpg 300w, https:\/\/sannedeboer.nl\/wp-content\/uploads\/2023\/07\/PHOTO-2023-07-16-11-53-43-1536x1152.jpg 1536w, https:\/\/sannedeboer.nl\/wp-content\/uploads\/2023\/07\/PHOTO-2023-07-16-11-53-43.jpg 1600w\" sizes=\"(max-width: 1024px) 100vw, 1024px\" \/><\/figure><div class=\"wp-block-media-text__content\">\n<h2 class=\"wp-block-heading\">R\u00fcckblick<\/h2>\n\n\n\n<p>&#8222;Am 23.3.23 kam Sanne de Boer in Bremen zu einer Lesung ihres spannenden Buches \u00fcber die kalabresische Mafia, &#8218;Ndrangheta.&nbsp; F\u00fcr die Deutsch-Italienische Gesellschaft ein wunderbar lebhafter Abend mit ihrer interessanten Bilderpr\u00e4sentation und ihrer sympathischen Art, ausgew\u00e4hlte Aspekte zu pr\u00e4sentieren. Das Publikum beteiligte sich gern mit vielen Fragen, auch zur aktuellen (defizit\u00e4ren) deutschen Rechtslage gegen die Praktiken der mafi\u00f6sen Geldw\u00e4sche und ihrer Gefahren f\u00fcr Rechtsstaat und Demokratie.&nbsp; Rundum gelungen!&#8220; <em>(Sabine Stuth, Deutsch-Italienische Gesellschaft Bremen)<\/em><\/p>\n<\/div><\/div>\n\n\n\n<div class=\"wp-block-media-text alignwide has-media-on-the-right is-stacked-on-mobile\"><figure class=\"wp-block-media-text__media\"><img decoding=\"async\" width=\"964\" height=\"1024\" src=\"https:\/\/sannedeboer.nl\/wp-content\/uploads\/2023\/03\/Havo--964x1024.jpg\" alt=\"\" class=\"wp-image-722 size-full\" srcset=\"https:\/\/sannedeboer.nl\/wp-content\/uploads\/2023\/03\/Havo--964x1024.jpg 964w, https:\/\/sannedeboer.nl\/wp-content\/uploads\/2023\/03\/Havo--283x300.jpg 283w, https:\/\/sannedeboer.nl\/wp-content\/uploads\/2023\/03\/Havo--1447x1536.jpg 1447w, https:\/\/sannedeboer.nl\/wp-content\/uploads\/2023\/03\/Havo-.jpg 1536w\" sizes=\"(max-width: 964px) 100vw, 964px\" \/><\/figure><div class=\"wp-block-media-text__content\">\n<h2 class=\"wp-block-heading\">Lesung organisieren?<\/h2>\n\n\n\n<p>Senden Sie <a href=\"mailto:sanne@sannedeboer.nl\">Sanne<\/a> eine Nachricht, wenn Sie einen Vortrag  organisieren m\u00f6chten. \u00dcber die  <a href=\"https:\/\/deschrijverscentrale.nl\/auteurs\/1866349\" target=\"_blank\" rel=\"noreferrer noopener\">Schrijverscentrale<\/a> k\u00f6nnen Sie Sanne auch zu einer Buchpr\u00e4sentation, einem Vortrag oder einer Debatte einladen.<\/p>\n<\/div><\/div>\n","protected":false},"excerpt":{"rendered":"<p>Sanne als Sprecherin<\/p>\n","protected":false},"author":1,"featured_media":608,"parent":0,"menu_order":0,"comment_status":"closed","ping_status":"closed","template":"","meta":{"_acf_changed":false,"footnotes":""},"acf":[],"yoast_head":"<!-- This site is optimized with the Yoast SEO plugin v23.5 - https:\/\/yoast.com\/wordpress\/plugins\/seo\/ -->\n<title>Lesungen | Sanne de Boer<\/title>\n<meta name=\"robots\" content=\"index, follow, max-snippet:-1, max-image-preview:large, max-video-preview:-1\" \/>\n<link rel=\"canonical\" href=\"https:\/\/sannedeboer.nl\/de\/lesungen\/\" \/>\n<meta property=\"og:locale\" content=\"de_DE\" \/>\n<meta property=\"og:type\" content=\"article\" \/>\n<meta property=\"og:title\" content=\"Lesungen | Sanne de Boer\" \/>\n<meta property=\"og:description\" content=\"Sanne als Sprecherin\" \/>\n<meta property=\"og:url\" content=\"https:\/\/sannedeboer.nl\/de\/lesungen\/\" \/>\n<meta property=\"og:site_name\" content=\"Sanne de Boer\" \/>\n<meta property=\"article:modified_time\" content=\"2023-08-01T10:34:20+00:00\" \/>\n<meta property=\"og:image\" content=\"https:\/\/sannedeboer.nl\/wp-content\/uploads\/2022\/05\/joao-cruz-IkEpl3JkVqU-unsplash-scaled-e1653250549241.jpg\" \/>\n\t<meta property=\"og:image:width\" content=\"2560\" \/>\n\t<meta property=\"og:image:height\" content=\"992\" \/>\n\t<meta property=\"og:image:type\" content=\"image\/jpeg\" \/>\n<meta name=\"twitter:card\" content=\"summary_large_image\" \/>\n<meta name=\"twitter:label1\" content=\"Gesch\u00e4tzte Lesezeit\" \/>\n\t<meta name=\"twitter:data1\" content=\"2\u00a0Minuten\" \/>\n<script type=\"application\/ld+json\" class=\"yoast-schema-graph\">{\"@context\":\"https:\/\/schema.org\",\"@graph\":[{\"@type\":\"WebPage\",\"@id\":\"https:\/\/sannedeboer.nl\/de\/lesungen\/\",\"url\":\"https:\/\/sannedeboer.nl\/de\/lesungen\/\",\"name\":\"Lesungen | Sanne de Boer\",\"isPartOf\":{\"@id\":\"https:\/\/sannedeboer.nl\/de\/#website\"},\"primaryImageOfPage\":{\"@id\":\"https:\/\/sannedeboer.nl\/de\/lesungen\/#primaryimage\"},\"image\":{\"@id\":\"https:\/\/sannedeboer.nl\/de\/lesungen\/#primaryimage\"},\"thumbnailUrl\":\"https:\/\/sannedeboer.nl\/wp-content\/uploads\/2022\/05\/joao-cruz-IkEpl3JkVqU-unsplash-scaled-e1653250549241.jpg\",\"datePublished\":\"2022-05-12T17:45:24+00:00\",\"dateModified\":\"2023-08-01T10:34:20+00:00\",\"breadcrumb\":{\"@id\":\"https:\/\/sannedeboer.nl\/de\/lesungen\/#breadcrumb\"},\"inLanguage\":\"de\",\"potentialAction\":[{\"@type\":\"ReadAction\",\"target\":[\"https:\/\/sannedeboer.nl\/de\/lesungen\/\"]}]},{\"@type\":\"ImageObject\",\"inLanguage\":\"de\",\"@id\":\"https:\/\/sannedeboer.nl\/de\/lesungen\/#primaryimage\",\"url\":\"https:\/\/sannedeboer.nl\/wp-content\/uploads\/2022\/05\/joao-cruz-IkEpl3JkVqU-unsplash-scaled-e1653250549241.jpg\",\"contentUrl\":\"https:\/\/sannedeboer.nl\/wp-content\/uploads\/2022\/05\/joao-cruz-IkEpl3JkVqU-unsplash-scaled-e1653250549241.jpg\",\"width\":2560,\"height\":992},{\"@type\":\"BreadcrumbList\",\"@id\":\"https:\/\/sannedeboer.nl\/de\/lesungen\/#breadcrumb\",\"itemListElement\":[{\"@type\":\"ListItem\",\"position\":1,\"name\":\"Home\",\"item\":\"https:\/\/sannedeboer.nl\/de\/\"},{\"@type\":\"ListItem\",\"position\":2,\"name\":\"Lesungen\"}]},{\"@type\":\"WebSite\",\"@id\":\"https:\/\/sannedeboer.nl\/de\/#website\",\"url\":\"https:\/\/sannedeboer.nl\/de\/\",\"name\":\"Sanne de Boer\",\"description\":\"Auteur Mafiopoli\",\"potentialAction\":[{\"@type\":\"SearchAction\",\"target\":{\"@type\":\"EntryPoint\",\"urlTemplate\":\"https:\/\/sannedeboer.nl\/de\/?s={search_term_string}\"},\"query-input\":{\"@type\":\"PropertyValueSpecification\",\"valueRequired\":true,\"valueName\":\"search_term_string\"}}],\"inLanguage\":\"de\"}]}<\/script>\n<!-- \/ Yoast SEO plugin. -->","yoast_head_json":{"title":"Lesungen | Sanne de Boer","robots":{"index":"index","follow":"follow","max-snippet":"max-snippet:-1","max-image-preview":"max-image-preview:large","max-video-preview":"max-video-preview:-1"},"canonical":"https:\/\/sannedeboer.nl\/de\/lesungen\/","og_locale":"de_DE","og_type":"article","og_title":"Lesungen | Sanne de Boer","og_description":"Sanne als Sprecherin","og_url":"https:\/\/sannedeboer.nl\/de\/lesungen\/","og_site_name":"Sanne de Boer","article_modified_time":"2023-08-01T10:34:20+00:00","og_image":[{"width":2560,"height":992,"url":"https:\/\/sannedeboer.nl\/wp-content\/uploads\/2022\/05\/joao-cruz-IkEpl3JkVqU-unsplash-scaled-e1653250549241.jpg","type":"image\/jpeg"}],"twitter_card":"summary_large_image","twitter_misc":{"Gesch\u00e4tzte Lesezeit":"2\u00a0Minuten"},"schema":{"@context":"https:\/\/schema.org","@graph":[{"@type":"WebPage","@id":"https:\/\/sannedeboer.nl\/de\/lesungen\/","url":"https:\/\/sannedeboer.nl\/de\/lesungen\/","name":"Lesungen | Sanne de Boer","isPartOf":{"@id":"https:\/\/sannedeboer.nl\/de\/#website"},"primaryImageOfPage":{"@id":"https:\/\/sannedeboer.nl\/de\/lesungen\/#primaryimage"},"image":{"@id":"https:\/\/sannedeboer.nl\/de\/lesungen\/#primaryimage"},"thumbnailUrl":"https:\/\/sannedeboer.nl\/wp-content\/uploads\/2022\/05\/joao-cruz-IkEpl3JkVqU-unsplash-scaled-e1653250549241.jpg","datePublished":"2022-05-12T17:45:24+00:00","dateModified":"2023-08-01T10:34:20+00:00","breadcrumb":{"@id":"https:\/\/sannedeboer.nl\/de\/lesungen\/#breadcrumb"},"inLanguage":"de","potentialAction":[{"@type":"ReadAction","target":["https:\/\/sannedeboer.nl\/de\/lesungen\/"]}]},{"@type":"ImageObject","inLanguage":"de","@id":"https:\/\/sannedeboer.nl\/de\/lesungen\/#primaryimage","url":"https:\/\/sannedeboer.nl\/wp-content\/uploads\/2022\/05\/joao-cruz-IkEpl3JkVqU-unsplash-scaled-e1653250549241.jpg","contentUrl":"https:\/\/sannedeboer.nl\/wp-content\/uploads\/2022\/05\/joao-cruz-IkEpl3JkVqU-unsplash-scaled-e1653250549241.jpg","width":2560,"height":992},{"@type":"BreadcrumbList","@id":"https:\/\/sannedeboer.nl\/de\/lesungen\/#breadcrumb","itemListElement":[{"@type":"ListItem","position":1,"name":"Home","item":"https:\/\/sannedeboer.nl\/de\/"},{"@type":"ListItem","position":2,"name":"Lesungen"}]},{"@type":"WebSite","@id":"https:\/\/sannedeboer.nl\/de\/#website","url":"https:\/\/sannedeboer.nl\/de\/","name":"Sanne de Boer","description":"Auteur Mafiopoli","potentialAction":[{"@type":"SearchAction","target":{"@type":"EntryPoint","urlTemplate":"https:\/\/sannedeboer.nl\/de\/?s={search_term_string}"},"query-input":{"@type":"PropertyValueSpecification","valueRequired":true,"valueName":"search_term_string"}}],"inLanguage":"de"}]}},"_links":{"self":[{"href":"https:\/\/sannedeboer.nl\/de\/wp-json\/wp\/v2\/pages\/741"}],"collection":[{"href":"https:\/\/sannedeboer.nl\/de\/wp-json\/wp\/v2\/pages"}],"about":[{"href":"https:\/\/sannedeboer.nl\/de\/wp-json\/wp\/v2\/types\/page"}],"author":[{"embeddable":true,"href":"https:\/\/sannedeboer.nl\/de\/wp-json\/wp\/v2\/users\/1"}],"replies":[{"embeddable":true,"href":"https:\/\/sannedeboer.nl\/de\/wp-json\/wp\/v2\/comments?post=741"}],"version-history":[{"count":15,"href":"https:\/\/sannedeboer.nl\/de\/wp-json\/wp\/v2\/pages\/741\/revisions"}],"predecessor-version":[{"id":814,"href":"https:\/\/sannedeboer.nl\/de\/wp-json\/wp\/v2\/pages\/741\/revisions\/814"}],"wp:featuredmedia":[{"embeddable":true,"href":"https:\/\/sannedeboer.nl\/de\/wp-json\/wp\/v2\/media\/608"}],"wp:attachment":[{"href":"https:\/\/sannedeboer.nl\/de\/wp-json\/wp\/v2\/media?parent=741"}],"curies":[{"name":"wp","href":"https:\/\/api.w.org\/{rel}","templated":true}]}}