{"id":699,"date":"2020-11-06T09:30:01","date_gmt":"2020-11-06T09:30:01","guid":{"rendered":"https:\/\/sannedeboer.nl\/?page_id=699"},"modified":"2023-07-31T08:56:11","modified_gmt":"2023-07-31T08:56:11","slug":"in-den-medien","status":"publish","type":"page","link":"https:\/\/sannedeboer.nl\/de\/in-den-medien\/","title":{"rendered":"In den Medien"},"content":{"rendered":"<header id='block_1f8e6b1419c437b365a6ac54786e1af9' class='entry-header alignfull layout-center-content acf-header alignfull ' style=\"background: url('https:\/\/sannedeboer.nl\/wp-content\/uploads\/2020\/10\/mafiopoli.jpg') no-repeat; background-size: cover; background-position: top\">\n\t<div class=\"container\">\n\t\t<h2 class=\"entry-author text-center\">Sanne de Boer<\/h2>\n\t\t<h1 class=\"entry-title text-center\">In den Medien<\/h1>\n\t\t<div class=\"entry-description\"><p>Artikel \u00fcber \u2019Ndrangheta: Wie die m\u00e4chtigste Mafia Europas unser Leben bestimmt<\/p>\n<\/div>\n\t<\/div>\n<\/header>\n\n\n<div class=\"wp-block-media-text alignwide is-stacked-on-mobile\"><figure class=\"wp-block-media-text__media\"><a href=\"https:\/\/www.bpb.de\/shop\/buecher\/schriftenreihe\/520755\/ndrangheta\/\" target=\"_blank\" rel=\"noreferrer noopener\"><img decoding=\"async\" width=\"466\" height=\"501\" src=\"https:\/\/sannedeboer.nl\/wp-content\/uploads\/2023\/07\/bpb-vierkant.png\" alt=\"\" class=\"wp-image-799 size-full\" srcset=\"https:\/\/sannedeboer.nl\/wp-content\/uploads\/2023\/07\/bpb-vierkant.png 466w, https:\/\/sannedeboer.nl\/wp-content\/uploads\/2023\/07\/bpb-vierkant-279x300.png 279w\" sizes=\"(max-width: 466px) 100vw, 466px\" \/><\/a><\/figure><div class=\"wp-block-media-text__content\">\n<h2 class=\"wp-block-heading\">Neuauflage bei der BpB<\/h2>\n\n\n\n<p>Wenige Tagen nach der Operation Eureka, die zur Festnahme von 30 &#8218;Ndrangheta-Verd\u00e4chtigen in Deutschland f\u00fchrte, erscheint die neue Ausgabe von Sanne de Boers &#8222;Ndrangheta&#8220;  bei der Bundeszentrale f\u00fcr politische Bildung (BpB). <\/p>\n\n\n\n<div class=\"wp-block-buttons is-layout-flex wp-block-buttons-is-layout-flex\">\n<div class=\"wp-block-button\"><a class=\"wp-block-button__link has-terracotta-background-color has-background\" href=\"https:\/\/www.bpb.de\/shop\/buecher\/schriftenreihe\/520755\/ndrangheta\/\" target=\"_blank\" rel=\"noreferrer noopener\">Weiterlesen<\/a><\/div>\n<\/div>\n<\/div><\/div>\n\n\n\n<div class=\"wp-block-media-text alignwide has-media-on-the-right is-stacked-on-mobile\"><figure class=\"wp-block-media-text__media\"><img decoding=\"async\" width=\"1024\" height=\"640\" src=\"https:\/\/sannedeboer.nl\/wp-content\/uploads\/2023\/07\/externalimages-1024x640.jpeg\" alt=\"\" class=\"wp-image-797 size-full\" srcset=\"https:\/\/sannedeboer.nl\/wp-content\/uploads\/2023\/07\/externalimages-1024x640.jpeg 1024w, https:\/\/sannedeboer.nl\/wp-content\/uploads\/2023\/07\/externalimages-300x188.jpeg 300w, https:\/\/sannedeboer.nl\/wp-content\/uploads\/2023\/07\/externalimages.jpeg 1280w\" sizes=\"(max-width: 1024px) 100vw, 1024px\" \/><\/figure><div class=\"wp-block-media-text__content\">\n<h2 class=\"wp-block-heading\">Literarischer Sommer mit Mafia-Lesung im Gerichtssaal<\/h2>\n\n\n\n<p>Sanne de Boer liest im Schwurgerichtssaal des Landgerichts Kleve aus ihrem Mafia-Buch.<\/p>\n\n\n\n<div class=\"wp-block-buttons is-layout-flex wp-block-buttons-is-layout-flex\">\n<div class=\"wp-block-button\"><a class=\"wp-block-button__link has-terracotta-background-color has-background\" href=\"https:\/\/rp-online.de\/nrw\/staedte\/kleve\/kultur\/literarischer-sommer-das-ist-das-programm-in-kleve_aid-92757311\" target=\"_blank\" rel=\"noreferrer noopener\">Weiterlesen<\/a><\/div>\n<\/div>\n<\/div><\/div>\n\n\n\n<div class=\"wp-block-media-text alignwide is-stacked-on-mobile is-vertically-aligned-center\"><figure class=\"wp-block-media-text__media\"><img decoding=\"async\" width=\"1024\" height=\"576\" src=\"https:\/\/sannedeboer.nl\/wp-content\/uploads\/2023\/03\/Pollino-1024x576.webp\" alt=\"\" class=\"wp-image-731 size-full\" srcset=\"https:\/\/sannedeboer.nl\/wp-content\/uploads\/2023\/03\/Pollino-1024x576.webp 1024w, https:\/\/sannedeboer.nl\/wp-content\/uploads\/2023\/03\/Pollino-300x169.webp 300w, https:\/\/sannedeboer.nl\/wp-content\/uploads\/2023\/03\/Pollino.webp 1368w\" sizes=\"(max-width: 1024px) 100vw, 1024px\" \/><\/figure><div class=\"wp-block-media-text__content\">\n<h2 class=\"wp-block-heading\">S\u00fcddeutsche Zeitung<\/h2>\n\n\n\n<p>&#8218;Die niederl\u00e4ndische Journalistin Sanne de Boer analysiert das Milliardengesch\u00e4ft der &#8218;Ndrangheta und mahnt, das Gebaren der kalabrischen Mafia nicht als exotisch-folkloristisches Ph\u00e4nomen misszuverstehen.&#8216;<\/p>\n\n\n\n<div class=\"wp-block-buttons is-layout-flex wp-block-buttons-is-layout-flex\">\n<div class=\"wp-block-button\"><a class=\"wp-block-button__link has-terracotta-background-color has-background\" href=\"https:\/\/www.sueddeutsche.de\/politik\/ndrangheta-mafia-kalabrien-sanne-de-boer-1.5699136?reduced=true\" target=\"_blank\" rel=\"noreferrer noopener\">Weiterlesen<\/a><\/div>\n<\/div>\n<\/div><\/div>\n\n\n\n<div class=\"wp-block-media-text alignwide has-media-on-the-right is-stacked-on-mobile\"><figure class=\"wp-block-media-text__media\"><img decoding=\"async\" width=\"500\" height=\"300\" src=\"https:\/\/sannedeboer.nl\/wp-content\/uploads\/2022\/11\/pas20120620143404.jpeg\" alt=\"\" class=\"wp-image-701 size-full\" srcset=\"https:\/\/sannedeboer.nl\/wp-content\/uploads\/2022\/11\/pas20120620143404.jpeg 500w, https:\/\/sannedeboer.nl\/wp-content\/uploads\/2022\/11\/pas20120620143404-300x180.jpeg 300w\" sizes=\"(max-width: 500px) 100vw, 500px\" \/><\/figure><div class=\"wp-block-media-text__content\">\n<h2 class=\"wp-block-heading\">Die Macht der Mafia<\/h2>\n\n\n\n<p>&#8218;Ihre Italien-Sehnsucht brachte Sanne de Boer von Amsterdam nach Kalabrien, wo sie auf die Gesch\u00e4fte der &#8218;Ndrangheta stie\u00df. Wie konnte die Mafia-Organisation so stark in Europa werden?&#8216;<\/p>\n\n\n\n<div class=\"wp-block-buttons is-layout-flex wp-block-buttons-is-layout-flex\">\n<div class=\"wp-block-button\"><a class=\"wp-block-button__link has-terracotta-background-color has-background\" href=\"https:\/\/sannedeboer.nl\/wp-content\/uploads\/2022\/11\/Die-Presse-am-Sonntag.jpg\" target=\"_blank\" rel=\"noreferrer noopener\">Weiterlesen<\/a><\/div>\n<\/div>\n<\/div><\/div>\n\n\n\n<div class=\"wp-block-group alignfull promo has-very-light-gray-color has-turqoise-background-color has-text-color has-background is-layout-flow wp-block-group-is-layout-flow\"><div class=\"wp-block-group__inner-container\">\n<div class=\"wp-block-columns alignwide is-layout-flex wp-container-core-columns-layout-1 wp-block-columns-is-layout-flex\">\n<div class=\"wp-block-column is-layout-flow wp-block-column-is-layout-flow\" style=\"flex-basis:60%\">\n<div style=\"height:50px\" aria-hidden=\"true\" class=\"wp-block-spacer\"><\/div>\n\n\n\n<h2 class=\"has-x-large-font-size wp-block-heading\">\u2019Ndrangheta: <br>Wie die m\u00e4chtigste Mafia Europas unser Leben bestimmt<\/h2>\n\n\n\n<p><\/p>\n\n\n\n<p><em><strong>Das erste umfassende Buch \u00fcber die organisierte Kriminalit\u00e4t der m\u00e4chtigsten Mafia Europas<\/strong><\/em><\/p>\n\n\n\n<p>Momentan steht sie im Rampenlicht, obwohl sie lieber im Dunkeln arbeitet: Der bisher gr\u00f6\u00dfte Prozess gegen die&nbsp;\u2019Ndrangheta, die m\u00e4chtigste Mafia Europas, l\u00e4uft seit Januar 2021 in Italien und zieht Aufmerksamkeit auf sich. Denn: Die&nbsp;\u2019Ndrangheta ist schon lange kein rein italienisches Problem mehr, sondern betrifft ganz Europa. Und damit unser aller Leben.&nbsp;<\/p>\n\n\n\n<div class=\"wp-block-buttons is-layout-flex wp-block-buttons-is-layout-flex\">\n<div class=\"wp-block-button\"><a class=\"wp-block-button__link has-terracotta-background-color has-background\" href=\"https:\/\/www.amazon.de\/Ndrangheta-m%C3%A4chtigste-Mafia-Europas-bestimmt-ebook\/dp\/B09XVKSHRY\" target=\"_blank\" rel=\"noreferrer noopener\">Buch online bestellen<\/a><\/div>\n<\/div>\n<\/div>\n\n\n\n<div class=\"wp-block-column is-layout-flow wp-block-column-is-layout-flow\" style=\"flex-basis:40%\">\n<figure class=\"wp-block-image size-full is-resized\"><img decoding=\"async\" src=\"https:\/\/sannedeboer.nl\/wp-content\/uploads\/2022\/10\/ndrangheta_buch.png\" alt=\"\" class=\"wp-image-620\" width=\"361\" height=\"457\" srcset=\"https:\/\/sannedeboer.nl\/wp-content\/uploads\/2022\/10\/ndrangheta_buch.png 694w, https:\/\/sannedeboer.nl\/wp-content\/uploads\/2022\/10\/ndrangheta_buch-237x300.png 237w\" sizes=\"(max-width: 361px) 100vw, 361px\" \/><figcaption>Aufbau Verlage, <br>Oktober 2022<a href=\"https:\/\/www.aufbau-verlage.de\/aufbau\/ndrangheta\/978-3-351-03955-4\">https:\/\/www.aufbau-verlage.de\/aufbau\/ndrangheta\/978-3-351-03955-4<\/a><\/figcaption><\/figure>\n<\/div>\n<\/div>\n<\/div><\/div>\n\n\n\n<div class=\"wp-block-media-text alignwide is-stacked-on-mobile\"><figure class=\"wp-block-media-text__media\"><img decoding=\"async\" width=\"800\" height=\"1013\" src=\"https:\/\/sannedeboer.nl\/wp-content\/uploads\/2021\/03\/sanne-de-boer.jpg\" alt=\"\" class=\"wp-image-353 size-full\" srcset=\"https:\/\/sannedeboer.nl\/wp-content\/uploads\/2021\/03\/sanne-de-boer.jpg 800w, https:\/\/sannedeboer.nl\/wp-content\/uploads\/2021\/03\/sanne-de-boer-237x300.jpg 237w\" sizes=\"(max-width: 800px) 100vw, 800px\" \/><\/figure><div class=\"wp-block-media-text__content\">\n<h2 class=\"wp-block-heading\">\u00dcber die Autorin<\/h2>\n\n\n\n<p><strong>Sanne de Boer<\/strong>, geboren 1979, ist Journalistin f\u00fcr zahlreiche niederl\u00e4ndische Zeitungen, Rundfunk und TV. Seit 2006 wohnt sie in Kalabrien in S\u00fcditalien und berichtet als erste<br>ausl\u00e4ndische Journalistin von dort \u00fcber die \u2019Ndrangheta. Sie ist auch oft in den Niederlanden und&nbsp;h\u00e4lt regelm\u00e4\u00dfig Vortr\u00e4ge in Deutschland.<\/p>\n\n\n\n\n\t\t\t<div class=\"site-contacts\">\n\n\t\t\t\t<div class=\"site-contact\"><svg class=\"icon icon-mail\" aria-hidden=\"true\" role=\"img\"> <use href=\"#icon-mail\" xlink:href=\"#icon-mail\"><\/use> <\/svg><a href=\"mailto:sanne@sannedeboer.nl\">sanne@sannedeboer.nl<\/a><\/div>\n\t\t\t\t<div class=\"site-contact\"><svg class=\"icon icon-twitter\" aria-hidden=\"true\" role=\"img\"> <use href=\"#icon-twitter\" xlink:href=\"#icon-twitter\"><\/use> <\/svg><a href=\"https:\/\/twitter.com\/SanneCMdeBoer\" target=\"_blank\">Twitter<\/a><\/div>\n\t\t\t\t<div class=\"site-contact\"><svg class=\"icon icon-linkedin\" aria-hidden=\"true\" role=\"img\"> <use href=\"#icon-linkedin\" xlink:href=\"#icon-linkedin\"><\/use> <\/svg><a href=\"https:\/\/nl.linkedin.com\/in\/sanne-de-boer-05998a5\" target=\"_blank\">LinkedIn<\/a><\/div>\n\t\t\t\t<div class=\"site-contact\"><svg class=\"icon icon-circle-right\" aria-hidden=\"true\" role=\"img\"> <use href=\"#icon-circle-right\" xlink:href=\"#icon-circle-right\"><\/use> <\/svg><a href=\"https:\/\/www.aufbau-verlage.de\/autor-in\/sanne-de-boer\" target=\"_blank\">Aufbau Verlage<\/a><\/div>\n\n\t\t\t<\/div>\n\n\t\t\t\n<\/div><\/div>\n\n\n\n<p>Autorenfoto: Sacha de Boer<\/p>\n\n\n\n<div style=\"height:100px\" aria-hidden=\"true\" class=\"wp-block-spacer\"><\/div>\n","protected":false},"excerpt":{"rendered":"<p>Artikel \u00fcber \u2019Ndrangheta: Wie die m\u00e4chtigste Mafia Europas unser Leben bestimmt<\/p>\n","protected":false},"author":1,"featured_media":576,"parent":0,"menu_order":0,"comment_status":"closed","ping_status":"closed","template":"","meta":{"_acf_changed":false,"footnotes":""},"acf":[],"yoast_head":"<!-- This site is optimized with the Yoast SEO plugin v23.5 - https:\/\/yoast.com\/wordpress\/plugins\/seo\/ -->\n<title>In den Medien | Sanne de Boer<\/title>\n<meta name=\"robots\" content=\"index, follow, max-snippet:-1, max-image-preview:large, max-video-preview:-1\" \/>\n<link rel=\"canonical\" href=\"https:\/\/sannedeboer.nl\/de\/in-den-medien\/\" \/>\n<meta property=\"og:locale\" content=\"de_DE\" \/>\n<meta property=\"og:type\" content=\"article\" \/>\n<meta property=\"og:title\" content=\"In den Medien | Sanne de Boer\" \/>\n<meta property=\"og:description\" content=\"Artikel \u00fcber \u2019Ndrangheta: Wie die m\u00e4chtigste Mafia Europas unser Leben bestimmt\" \/>\n<meta property=\"og:url\" content=\"https:\/\/sannedeboer.nl\/de\/in-den-medien\/\" \/>\n<meta property=\"og:site_name\" content=\"Sanne de Boer\" \/>\n<meta property=\"article:modified_time\" content=\"2023-07-31T08:56:11+00:00\" \/>\n<meta property=\"og:image\" content=\"https:\/\/sannedeboer.nl\/wp-content\/uploads\/2020\/10\/mafiopoli.jpg\" \/>\n\t<meta property=\"og:image:width\" content=\"1500\" \/>\n\t<meta property=\"og:image:height\" content=\"1664\" \/>\n\t<meta property=\"og:image:type\" content=\"image\/jpeg\" \/>\n<meta name=\"twitter:card\" content=\"summary_large_image\" \/>\n<meta name=\"twitter:label1\" content=\"Gesch\u00e4tzte Lesezeit\" \/>\n\t<meta name=\"twitter:data1\" content=\"3\u00a0Minuten\" \/>\n<script type=\"application\/ld+json\" class=\"yoast-schema-graph\">{\"@context\":\"https:\/\/schema.org\",\"@graph\":[{\"@type\":\"WebPage\",\"@id\":\"https:\/\/sannedeboer.nl\/de\/in-den-medien\/\",\"url\":\"https:\/\/sannedeboer.nl\/de\/in-den-medien\/\",\"name\":\"In den Medien | Sanne de Boer\",\"isPartOf\":{\"@id\":\"https:\/\/sannedeboer.nl\/de\/#website\"},\"primaryImageOfPage\":{\"@id\":\"https:\/\/sannedeboer.nl\/de\/in-den-medien\/#primaryimage\"},\"image\":{\"@id\":\"https:\/\/sannedeboer.nl\/de\/in-den-medien\/#primaryimage\"},\"thumbnailUrl\":\"https:\/\/sannedeboer.nl\/wp-content\/uploads\/2020\/10\/mafiopoli.jpg\",\"datePublished\":\"2020-11-06T09:30:01+00:00\",\"dateModified\":\"2023-07-31T08:56:11+00:00\",\"breadcrumb\":{\"@id\":\"https:\/\/sannedeboer.nl\/de\/in-den-medien\/#breadcrumb\"},\"inLanguage\":\"de\",\"potentialAction\":[{\"@type\":\"ReadAction\",\"target\":[\"https:\/\/sannedeboer.nl\/de\/in-den-medien\/\"]}]},{\"@type\":\"ImageObject\",\"inLanguage\":\"de\",\"@id\":\"https:\/\/sannedeboer.nl\/de\/in-den-medien\/#primaryimage\",\"url\":\"https:\/\/sannedeboer.nl\/wp-content\/uploads\/2020\/10\/mafiopoli.jpg\",\"contentUrl\":\"https:\/\/sannedeboer.nl\/wp-content\/uploads\/2020\/10\/mafiopoli.jpg\",\"width\":1500,\"height\":1664},{\"@type\":\"BreadcrumbList\",\"@id\":\"https:\/\/sannedeboer.nl\/de\/in-den-medien\/#breadcrumb\",\"itemListElement\":[{\"@type\":\"ListItem\",\"position\":1,\"name\":\"Home\",\"item\":\"https:\/\/sannedeboer.nl\/de\/\"},{\"@type\":\"ListItem\",\"position\":2,\"name\":\"In den Medien\"}]},{\"@type\":\"WebSite\",\"@id\":\"https:\/\/sannedeboer.nl\/de\/#website\",\"url\":\"https:\/\/sannedeboer.nl\/de\/\",\"name\":\"Sanne de Boer\",\"description\":\"Auteur Mafiopoli\",\"potentialAction\":[{\"@type\":\"SearchAction\",\"target\":{\"@type\":\"EntryPoint\",\"urlTemplate\":\"https:\/\/sannedeboer.nl\/de\/?s={search_term_string}\"},\"query-input\":{\"@type\":\"PropertyValueSpecification\",\"valueRequired\":true,\"valueName\":\"search_term_string\"}}],\"inLanguage\":\"de\"}]}<\/script>\n<!-- \/ Yoast SEO plugin. -->","yoast_head_json":{"title":"In den Medien | Sanne de Boer","robots":{"index":"index","follow":"follow","max-snippet":"max-snippet:-1","max-image-preview":"max-image-preview:large","max-video-preview":"max-video-preview:-1"},"canonical":"https:\/\/sannedeboer.nl\/de\/in-den-medien\/","og_locale":"de_DE","og_type":"article","og_title":"In den Medien | Sanne de Boer","og_description":"Artikel \u00fcber \u2019Ndrangheta: Wie die m\u00e4chtigste Mafia Europas unser Leben bestimmt","og_url":"https:\/\/sannedeboer.nl\/de\/in-den-medien\/","og_site_name":"Sanne de Boer","article_modified_time":"2023-07-31T08:56:11+00:00","og_image":[{"width":1500,"height":1664,"url":"https:\/\/sannedeboer.nl\/wp-content\/uploads\/2020\/10\/mafiopoli.jpg","type":"image\/jpeg"}],"twitter_card":"summary_large_image","twitter_misc":{"Gesch\u00e4tzte Lesezeit":"3\u00a0Minuten"},"schema":{"@context":"https:\/\/schema.org","@graph":[{"@type":"WebPage","@id":"https:\/\/sannedeboer.nl\/de\/in-den-medien\/","url":"https:\/\/sannedeboer.nl\/de\/in-den-medien\/","name":"In den Medien | Sanne de Boer","isPartOf":{"@id":"https:\/\/sannedeboer.nl\/de\/#website"},"primaryImageOfPage":{"@id":"https:\/\/sannedeboer.nl\/de\/in-den-medien\/#primaryimage"},"image":{"@id":"https:\/\/sannedeboer.nl\/de\/in-den-medien\/#primaryimage"},"thumbnailUrl":"https:\/\/sannedeboer.nl\/wp-content\/uploads\/2020\/10\/mafiopoli.jpg","datePublished":"2020-11-06T09:30:01+00:00","dateModified":"2023-07-31T08:56:11+00:00","breadcrumb":{"@id":"https:\/\/sannedeboer.nl\/de\/in-den-medien\/#breadcrumb"},"inLanguage":"de","potentialAction":[{"@type":"ReadAction","target":["https:\/\/sannedeboer.nl\/de\/in-den-medien\/"]}]},{"@type":"ImageObject","inLanguage":"de","@id":"https:\/\/sannedeboer.nl\/de\/in-den-medien\/#primaryimage","url":"https:\/\/sannedeboer.nl\/wp-content\/uploads\/2020\/10\/mafiopoli.jpg","contentUrl":"https:\/\/sannedeboer.nl\/wp-content\/uploads\/2020\/10\/mafiopoli.jpg","width":1500,"height":1664},{"@type":"BreadcrumbList","@id":"https:\/\/sannedeboer.nl\/de\/in-den-medien\/#breadcrumb","itemListElement":[{"@type":"ListItem","position":1,"name":"Home","item":"https:\/\/sannedeboer.nl\/de\/"},{"@type":"ListItem","position":2,"name":"In den Medien"}]},{"@type":"WebSite","@id":"https:\/\/sannedeboer.nl\/de\/#website","url":"https:\/\/sannedeboer.nl\/de\/","name":"Sanne de Boer","description":"Auteur Mafiopoli","potentialAction":[{"@type":"SearchAction","target":{"@type":"EntryPoint","urlTemplate":"https:\/\/sannedeboer.nl\/de\/?s={search_term_string}"},"query-input":{"@type":"PropertyValueSpecification","valueRequired":true,"valueName":"search_term_string"}}],"inLanguage":"de"}]}},"_links":{"self":[{"href":"https:\/\/sannedeboer.nl\/de\/wp-json\/wp\/v2\/pages\/699"}],"collection":[{"href":"https:\/\/sannedeboer.nl\/de\/wp-json\/wp\/v2\/pages"}],"about":[{"href":"https:\/\/sannedeboer.nl\/de\/wp-json\/wp\/v2\/types\/page"}],"author":[{"embeddable":true,"href":"https:\/\/sannedeboer.nl\/de\/wp-json\/wp\/v2\/users\/1"}],"replies":[{"embeddable":true,"href":"https:\/\/sannedeboer.nl\/de\/wp-json\/wp\/v2\/comments?post=699"}],"version-history":[{"count":16,"href":"https:\/\/sannedeboer.nl\/de\/wp-json\/wp\/v2\/pages\/699\/revisions"}],"predecessor-version":[{"id":802,"href":"https:\/\/sannedeboer.nl\/de\/wp-json\/wp\/v2\/pages\/699\/revisions\/802"}],"wp:featuredmedia":[{"embeddable":true,"href":"https:\/\/sannedeboer.nl\/de\/wp-json\/wp\/v2\/media\/576"}],"wp:attachment":[{"href":"https:\/\/sannedeboer.nl\/de\/wp-json\/wp\/v2\/media?parent=699"}],"curies":[{"name":"wp","href":"https:\/\/api.w.org\/{rel}","templated":true}]}}