{"id":613,"date":"2020-10-16T08:42:55","date_gmt":"2020-10-16T08:42:55","guid":{"rendered":"https:\/\/sannedeboer.nl\/welkom\/"},"modified":"2023-04-06T12:23:08","modified_gmt":"2023-04-06T12:23:08","slug":"welkom","status":"publish","type":"page","link":"https:\/\/sannedeboer.nl\/de\/","title":{"rendered":"\u2019Ndrangheta:"},"content":{"rendered":"<header id='block_560e3eb731d8aa600de5aed9887b94aa' class='entry-header alignfull layout-center-content acf-header alignfull ' style=\"background: url('https:\/\/sannedeboer.nl\/wp-content\/uploads\/2020\/10\/mafiopoli.jpg') no-repeat; background-size: cover; background-position: top\">\n\t<div class=\"container\">\n\t\t<h2 class=\"entry-author text-center\">Sanne de Boer<\/h2>\n\t\t<h1 class=\"entry-title text-center\">\u2019Ndrangheta:<\/h1>\n\t\t<div class=\"entry-description\"><p>Wie die m\u00e4chtigste Mafia Europas unser Leben bestimmt<\/p>\n<\/div>\n\t<\/div>\n<\/header>\n\n\n<div class=\"wp-block-media-text alignwide has-media-on-the-right is-stacked-on-mobile\"><figure class=\"wp-block-media-text__media\"><img decoding=\"async\" width=\"1024\" height=\"768\" src=\"https:\/\/sannedeboer.nl\/wp-content\/uploads\/2022\/10\/IMG_4785-kopie-1024x768.jpeg\" alt=\"\" class=\"wp-image-678 size-full\" srcset=\"https:\/\/sannedeboer.nl\/wp-content\/uploads\/2022\/10\/IMG_4785-kopie-1024x768.jpeg 1024w, https:\/\/sannedeboer.nl\/wp-content\/uploads\/2022\/10\/IMG_4785-kopie-300x225.jpeg 300w, https:\/\/sannedeboer.nl\/wp-content\/uploads\/2022\/10\/IMG_4785-kopie-1536x1152.jpeg 1536w, https:\/\/sannedeboer.nl\/wp-content\/uploads\/2022\/10\/IMG_4785-kopie-2048x1536.jpeg 2048w, https:\/\/sannedeboer.nl\/wp-content\/uploads\/2022\/10\/IMG_4785-kopie-2000x1500.jpeg 2000w\" sizes=\"(max-width: 1024px) 100vw, 1024px\" \/><\/figure><div class=\"wp-block-media-text__content\">\n<p>Kurz nachdem die Journalistin Sanne de Boer in ein idyllisches Dorf in S\u00fcditalien zieht, wird in ihrer Nachbarschaft ein Mann erschossen. Es stellt sich heraus, dass das Opfer Mitglied der&nbsp;\u2019Ndrangheta war, der kalabresischen Mafia. Dieser Mord ist der Beginn einer jahrelangen Suche nach einer mysteri\u00f6sen Gemeinschaft.&nbsp;<\/p>\n<\/div><\/div>\n\n\n\n<div class=\"wp-block-media-text alignwide is-stacked-on-mobile\"><figure class=\"wp-block-media-text__media\"><img decoding=\"async\" width=\"819\" height=\"1024\" src=\"https:\/\/sannedeboer.nl\/wp-content\/uploads\/2020\/10\/razvan-horhat-ylDHpg0ZijI-unsplash-819x1024.jpg\" alt=\"\" class=\"wp-image-574 size-full\" srcset=\"https:\/\/sannedeboer.nl\/wp-content\/uploads\/2020\/10\/razvan-horhat-ylDHpg0ZijI-unsplash-819x1024.jpg 819w, https:\/\/sannedeboer.nl\/wp-content\/uploads\/2020\/10\/razvan-horhat-ylDHpg0ZijI-unsplash-240x300.jpg 240w, https:\/\/sannedeboer.nl\/wp-content\/uploads\/2020\/10\/razvan-horhat-ylDHpg0ZijI-unsplash-1229x1536.jpg 1229w, https:\/\/sannedeboer.nl\/wp-content\/uploads\/2020\/10\/razvan-horhat-ylDHpg0ZijI-unsplash-1638x2048.jpg 1638w, https:\/\/sannedeboer.nl\/wp-content\/uploads\/2020\/10\/razvan-horhat-ylDHpg0ZijI-unsplash-2000x2500.jpg 2000w, https:\/\/sannedeboer.nl\/wp-content\/uploads\/2020\/10\/razvan-horhat-ylDHpg0ZijI-unsplash-scaled.jpg 2048w\" sizes=\"(max-width: 819px) 100vw, 819px\" \/><\/figure><div class=\"wp-block-media-text__content\">\n<p>Sanne de Boer geht den Fragen nach, wie in einem so m\u00e4rchenhaften Winkel Italiens eine solch unaufhaltsame kriminelle Organisation entstehen konnte und was diese Mafia so altert\u00fcmlich-provinziell und doch zugleich so modern-global macht. Daf\u00fcr taucht sie tief in Strukturen der Mafia ein, nimmt Kontakt zu Mitgliedern, Kl\u00e4ger:innen, Anw\u00e4lt:innen und Kronzeug:innen auf und findet\u00a0immer mehr Hinweise\u00a0dazu, welches System hinter den Machenschaften der\u00a0\u2019Ndrangheta steckt und wie viel Macht sie weltweit bereits erlangen konnten. <\/p>\n\n\n\n<p>Sie zeichnet so ein enth\u00fcllendes und schauderhaftes Bild dieser \u00e4u\u00dferst raffiniert agierenden Mafia, die in Deutschland, Europa und der ganzen Welt nachhaltig Fu\u00df fassen konnte und von Krisenzeiten wie der jetzigen zus\u00e4tzlich enorm profitiert.<\/p>\n<\/div><\/div>\n\n\n\n<div style=\"height:100px\" aria-hidden=\"true\" class=\"wp-block-spacer\"><\/div>\n\n\n\n<div class=\"wp-block-media-text alignwide has-media-on-the-right is-stacked-on-mobile\"><figure class=\"wp-block-media-text__media\"><img decoding=\"async\" width=\"600\" height=\"478\" src=\"https:\/\/sannedeboer.nl\/wp-content\/uploads\/2022\/10\/haven-gioia-tauro-e1665005693923.jpeg\" alt=\"\" class=\"wp-image-676 size-full\" srcset=\"https:\/\/sannedeboer.nl\/wp-content\/uploads\/2022\/10\/haven-gioia-tauro-e1665005693923.jpeg 600w, https:\/\/sannedeboer.nl\/wp-content\/uploads\/2022\/10\/haven-gioia-tauro-e1665005693923-300x239.jpeg 300w\" sizes=\"(max-width: 600px) 100vw, 600px\" \/><\/figure><div class=\"wp-block-media-text__content\">\n<p>Mit unglaublichem Mut und Durchblick gelingt es der Journalistin Sanne de Boer, das System hinter dieser \u00e4u\u00dferst raffiniert agierenden Mafia zu durchdringen, der die europ\u00e4ische Gerichtsbarkeit kaum etwas entgegenzusetzen hat.<\/p>\n<\/div><\/div>\n\n\n\n<div class=\"wp-block-group alignfull promo has-very-light-gray-color has-turqoise-background-color has-text-color has-background is-layout-flow wp-block-group-is-layout-flow\"><div class=\"wp-block-group__inner-container\">\n<div class=\"wp-block-columns alignwide is-layout-flex wp-container-core-columns-layout-1 wp-block-columns-is-layout-flex\">\n<div class=\"wp-block-column is-layout-flow wp-block-column-is-layout-flow\" style=\"flex-basis:60%\">\n<div style=\"height:50px\" aria-hidden=\"true\" class=\"wp-block-spacer\"><\/div>\n\n\n\n<h2 class=\"has-x-large-font-size wp-block-heading\">\u2019Ndrangheta: <br>Wie die m\u00e4chtigste Mafia Europas unser Leben bestimmt<\/h2>\n\n\n\n<p><\/p>\n\n\n\n<p><em><strong>Das erste umfassende Buch \u00fcber die organisierte Kriminalit\u00e4t der m\u00e4chtigsten Mafia Europas<\/strong><\/em><\/p>\n\n\n\n<p>Momentan steht sie im Rampenlicht, obwohl sie lieber im Dunkeln arbeitet: Der bisher gr\u00f6\u00dfte Prozess gegen die&nbsp;\u2019Ndrangheta, die m\u00e4chtigste Mafia Europas, l\u00e4uft seit Januar 2021 in Italien und zieht Aufmerksamkeit auf sich. Denn: Die&nbsp;\u2019Ndrangheta ist schon lange kein rein italienisches Problem mehr, sondern betrifft ganz Europa. Und damit unser aller Leben.&nbsp;<\/p>\n\n\n\n<div class=\"wp-block-buttons is-layout-flex wp-block-buttons-is-layout-flex\">\n<div class=\"wp-block-button\"><a class=\"wp-block-button__link has-terracotta-background-color has-background\" href=\"https:\/\/www.amazon.de\/Ndrangheta-m%C3%A4chtigste-Mafia-Europas-bestimmt-ebook\/dp\/B09XVKSHRY\" target=\"_blank\" rel=\"noreferrer noopener\">Buch online bestellen<\/a><\/div>\n<\/div>\n<\/div>\n\n\n\n<div class=\"wp-block-column is-layout-flow wp-block-column-is-layout-flow\" style=\"flex-basis:40%\">\n<figure class=\"wp-block-image size-full is-resized\"><img decoding=\"async\" src=\"https:\/\/sannedeboer.nl\/wp-content\/uploads\/2022\/10\/ndrangheta_buch.png\" alt=\"\" class=\"wp-image-620\" width=\"361\" height=\"457\" srcset=\"https:\/\/sannedeboer.nl\/wp-content\/uploads\/2022\/10\/ndrangheta_buch.png 694w, https:\/\/sannedeboer.nl\/wp-content\/uploads\/2022\/10\/ndrangheta_buch-237x300.png 237w\" sizes=\"(max-width: 361px) 100vw, 361px\" \/><figcaption>Aufbau Verlage, <br>Oktober 2022<a href=\"https:\/\/www.aufbau-verlage.de\/aufbau\/ndrangheta\/978-3-351-03955-4\">https:\/\/www.aufbau-verlage.de\/aufbau\/ndrangheta\/978-3-351-03955-4<\/a><\/figcaption><\/figure>\n<\/div>\n<\/div>\n<\/div><\/div>\n\n\n\n<div class=\"wp-block-media-text alignwide is-stacked-on-mobile\"><figure class=\"wp-block-media-text__media\"><img decoding=\"async\" width=\"800\" height=\"1013\" src=\"https:\/\/sannedeboer.nl\/wp-content\/uploads\/2021\/03\/sanne-de-boer.jpg\" alt=\"\" class=\"wp-image-353 size-full\" srcset=\"https:\/\/sannedeboer.nl\/wp-content\/uploads\/2021\/03\/sanne-de-boer.jpg 800w, https:\/\/sannedeboer.nl\/wp-content\/uploads\/2021\/03\/sanne-de-boer-237x300.jpg 237w\" sizes=\"(max-width: 800px) 100vw, 800px\" \/><\/figure><div class=\"wp-block-media-text__content\">\n<h2 class=\"wp-block-heading\">\u00dcber die Autorin<\/h2>\n\n\n\n<p><strong>Sanne de Boer<\/strong>, geboren 1979, ist Journalistin f\u00fcr zahlreiche niederl\u00e4ndische Zeitungen, Rundfunk und TV. Seit 2006 wohnt sie in Kalabrien in S\u00fcditalien und berichtet als erste<br>ausl\u00e4ndische Journalistin von dort \u00fcber die \u2019Ndrangheta. Sie ist auch oft in den Niederlanden und h\u00e4lt regelm\u00e4\u00dfig Vortr\u00e4ge in Deutschland. <\/p>\n\n\n\n\n\t\t\t<div class=\"site-contacts\">\n\n\t\t\t\t<div class=\"site-contact\"><svg class=\"icon icon-mail\" aria-hidden=\"true\" role=\"img\"> <use href=\"#icon-mail\" xlink:href=\"#icon-mail\"><\/use> <\/svg><a href=\"mailto:sanne@sannedeboer.nl\">sanne@sannedeboer.nl<\/a><\/div>\n\t\t\t\t<div class=\"site-contact\"><svg class=\"icon icon-twitter\" aria-hidden=\"true\" role=\"img\"> <use href=\"#icon-twitter\" xlink:href=\"#icon-twitter\"><\/use> <\/svg><a href=\"https:\/\/twitter.com\/SanneCMdeBoer\" target=\"_blank\">Twitter<\/a><\/div>\n\t\t\t\t<div class=\"site-contact\"><svg class=\"icon icon-linkedin\" aria-hidden=\"true\" role=\"img\"> <use href=\"#icon-linkedin\" xlink:href=\"#icon-linkedin\"><\/use> <\/svg><a href=\"https:\/\/nl.linkedin.com\/in\/sanne-de-boer-05998a5\" target=\"_blank\">LinkedIn<\/a><\/div>\n\t\t\t\t<div class=\"site-contact\"><svg class=\"icon icon-circle-right\" aria-hidden=\"true\" role=\"img\"> <use href=\"#icon-circle-right\" xlink:href=\"#icon-circle-right\"><\/use> <\/svg><a href=\"https:\/\/www.aufbau-verlage.de\/autor-in\/sanne-de-boer\" target=\"_blank\">Aufbau Verlage<\/a><\/div>\n\n\t\t\t<\/div>\n\n\t\t\t\n<\/div><\/div>\n\n\n\n<p>Autorenfoto: Sacha de Boer<\/p>\n\n\n\n<div class=\"wp-block-group alignfull video has-very-light-gray-color has-turqoise-background-color has-text-color has-background is-layout-flow wp-block-group-is-layout-flow\"><div class=\"wp-block-group__inner-container\">\n<div class=\"wp-block-columns alignwide is-layout-flex wp-container-core-columns-layout-2 wp-block-columns-is-layout-flex\">\n<div class=\"wp-block-column is-layout-flow wp-block-column-is-layout-flow\" style=\"flex-basis:50%\">\n<h2 class=\"wp-block-heading\">Sanne de Boer erz\u00e4hlt in belgischen Talkshow &#8218;De Afspraak&#8216; von ihrem Buch und einem aktuellen Mega-Kriminalprozess<\/h2>\n\n\n\n<p>Sanne de Boer war zu Gast in der Talkshow De Afspraak im belgischen Fernsehen, um \u00fcber den Mega-Prozess gegen die Ndrangheta zu sprechen, der am 13. Januar 2021 in Kalabrien begann, und \u00fcber die Schnittstellen dieses Prozesses mit ihrem Buch.<\/p>\n<\/div>\n\n\n\n<div class=\"wp-block-column is-layout-flow wp-block-column-is-layout-flow\" style=\"flex-basis:50%\">\n<figure class=\"wp-block-embed is-type-video is-provider-youtube wp-block-embed-youtube wp-embed-aspect-16-9 wp-has-aspect-ratio\"><div class=\"wp-block-embed__wrapper\">\n<iframe title=\"Sanne de Boer vertelt in &#039;De Afspraak&#039; over haar boek &#039;Mafiopoli&#039; en een  actueel mega-strafproces\" width=\"730\" height=\"411\" src=\"https:\/\/www.youtube.com\/embed\/cECETUU8phU?feature=oembed\" frameborder=\"0\" allow=\"accelerometer; autoplay; clipboard-write; encrypted-media; gyroscope; picture-in-picture; web-share\" referrerpolicy=\"strict-origin-when-cross-origin\" allowfullscreen><\/iframe>\n<\/div><figcaption>Sanne de Boer zu Gast in der Belgischen Talkshow De Afspraak<\/figcaption><\/figure>\n<\/div>\n<\/div>\n<\/div><\/div>\n\n\n\n<div style=\"height:100px\" aria-hidden=\"true\" class=\"wp-block-spacer\"><\/div>\n\n\n\n<p><\/p>\n","protected":false},"excerpt":{"rendered":"<p>Wie die m\u00e4chtigste Mafia Europas unser Leben bestimmt<\/p>\n","protected":false},"author":1,"featured_media":576,"parent":0,"menu_order":0,"comment_status":"closed","ping_status":"closed","template":"page-home.php","meta":{"_acf_changed":false,"footnotes":""},"acf":[],"yoast_head":"<!-- This site is optimized with the Yoast SEO plugin v23.5 - https:\/\/yoast.com\/wordpress\/plugins\/seo\/ -->\n<title>\u2019Ndrangheta: Wie die m\u00e4chtigste Mafia Europas unser Leben bestimmt | Sanne de Boer<\/title>\n<meta name=\"robots\" content=\"index, follow, max-snippet:-1, max-image-preview:large, max-video-preview:-1\" \/>\n<link rel=\"canonical\" href=\"https:\/\/sannedeboer.nl\/de\/\" \/>\n<meta property=\"og:locale\" content=\"de_DE\" \/>\n<meta property=\"og:type\" content=\"article\" \/>\n<meta property=\"og:title\" content=\"\u2019Ndrangheta: Wie die m\u00e4chtigste Mafia Europas unser Leben bestimmt | Sanne de Boer\" \/>\n<meta property=\"og:description\" content=\"Wie die m\u00e4chtigste Mafia Europas unser Leben bestimmt\" \/>\n<meta property=\"og:url\" content=\"https:\/\/sannedeboer.nl\/de\/\" \/>\n<meta property=\"og:site_name\" content=\"Sanne de Boer\" \/>\n<meta property=\"article:modified_time\" content=\"2023-04-06T12:23:08+00:00\" \/>\n<meta property=\"og:image\" content=\"https:\/\/sannedeboer.nl\/wp-content\/uploads\/2020\/10\/mafiopoli.jpg\" \/>\n\t<meta property=\"og:image:width\" content=\"1500\" \/>\n\t<meta property=\"og:image:height\" content=\"1664\" \/>\n\t<meta property=\"og:image:type\" content=\"image\/jpeg\" \/>\n<meta name=\"twitter:card\" content=\"summary_large_image\" \/>\n<meta name=\"twitter:label1\" content=\"Gesch\u00e4tzte Lesezeit\" \/>\n\t<meta name=\"twitter:data1\" content=\"4\u00a0Minuten\" \/>\n<script type=\"application\/ld+json\" class=\"yoast-schema-graph\">{\"@context\":\"https:\/\/schema.org\",\"@graph\":[{\"@type\":\"WebPage\",\"@id\":\"https:\/\/sannedeboer.nl\/de\/\",\"url\":\"https:\/\/sannedeboer.nl\/de\/\",\"name\":\"\u2019Ndrangheta: Wie die m\u00e4chtigste Mafia Europas unser Leben bestimmt | Sanne de Boer\",\"isPartOf\":{\"@id\":\"https:\/\/sannedeboer.nl\/de\/#website\"},\"primaryImageOfPage\":{\"@id\":\"https:\/\/sannedeboer.nl\/de\/#primaryimage\"},\"image\":{\"@id\":\"https:\/\/sannedeboer.nl\/de\/#primaryimage\"},\"thumbnailUrl\":\"https:\/\/sannedeboer.nl\/wp-content\/uploads\/2020\/10\/mafiopoli.jpg\",\"datePublished\":\"2020-10-16T08:42:55+00:00\",\"dateModified\":\"2023-04-06T12:23:08+00:00\",\"breadcrumb\":{\"@id\":\"https:\/\/sannedeboer.nl\/de\/#breadcrumb\"},\"inLanguage\":\"de\",\"potentialAction\":[{\"@type\":\"ReadAction\",\"target\":[\"https:\/\/sannedeboer.nl\/de\/\"]}]},{\"@type\":\"ImageObject\",\"inLanguage\":\"de\",\"@id\":\"https:\/\/sannedeboer.nl\/de\/#primaryimage\",\"url\":\"https:\/\/sannedeboer.nl\/wp-content\/uploads\/2020\/10\/mafiopoli.jpg\",\"contentUrl\":\"https:\/\/sannedeboer.nl\/wp-content\/uploads\/2020\/10\/mafiopoli.jpg\",\"width\":1500,\"height\":1664},{\"@type\":\"BreadcrumbList\",\"@id\":\"https:\/\/sannedeboer.nl\/de\/#breadcrumb\",\"itemListElement\":[{\"@type\":\"ListItem\",\"position\":1,\"name\":\"Home\",\"item\":\"https:\/\/sannedeboer.nl\/de\/\"},{\"@type\":\"ListItem\",\"position\":2,\"name\":\"\u2019Ndrangheta:\"}]},{\"@type\":\"WebSite\",\"@id\":\"https:\/\/sannedeboer.nl\/de\/#website\",\"url\":\"https:\/\/sannedeboer.nl\/de\/\",\"name\":\"Sanne de Boer\",\"description\":\"Auteur Mafiopoli\",\"potentialAction\":[{\"@type\":\"SearchAction\",\"target\":{\"@type\":\"EntryPoint\",\"urlTemplate\":\"https:\/\/sannedeboer.nl\/de\/?s={search_term_string}\"},\"query-input\":{\"@type\":\"PropertyValueSpecification\",\"valueRequired\":true,\"valueName\":\"search_term_string\"}}],\"inLanguage\":\"de\"}]}<\/script>\n<!-- \/ Yoast SEO plugin. -->","yoast_head_json":{"title":"\u2019Ndrangheta: Wie die m\u00e4chtigste Mafia Europas unser Leben bestimmt | Sanne de Boer","robots":{"index":"index","follow":"follow","max-snippet":"max-snippet:-1","max-image-preview":"max-image-preview:large","max-video-preview":"max-video-preview:-1"},"canonical":"https:\/\/sannedeboer.nl\/de\/","og_locale":"de_DE","og_type":"article","og_title":"\u2019Ndrangheta: Wie die m\u00e4chtigste Mafia Europas unser Leben bestimmt | Sanne de Boer","og_description":"Wie die m\u00e4chtigste Mafia Europas unser Leben bestimmt","og_url":"https:\/\/sannedeboer.nl\/de\/","og_site_name":"Sanne de Boer","article_modified_time":"2023-04-06T12:23:08+00:00","og_image":[{"width":1500,"height":1664,"url":"https:\/\/sannedeboer.nl\/wp-content\/uploads\/2020\/10\/mafiopoli.jpg","type":"image\/jpeg"}],"twitter_card":"summary_large_image","twitter_misc":{"Gesch\u00e4tzte Lesezeit":"4\u00a0Minuten"},"schema":{"@context":"https:\/\/schema.org","@graph":[{"@type":"WebPage","@id":"https:\/\/sannedeboer.nl\/de\/","url":"https:\/\/sannedeboer.nl\/de\/","name":"\u2019Ndrangheta: Wie die m\u00e4chtigste Mafia Europas unser Leben bestimmt | Sanne de Boer","isPartOf":{"@id":"https:\/\/sannedeboer.nl\/de\/#website"},"primaryImageOfPage":{"@id":"https:\/\/sannedeboer.nl\/de\/#primaryimage"},"image":{"@id":"https:\/\/sannedeboer.nl\/de\/#primaryimage"},"thumbnailUrl":"https:\/\/sannedeboer.nl\/wp-content\/uploads\/2020\/10\/mafiopoli.jpg","datePublished":"2020-10-16T08:42:55+00:00","dateModified":"2023-04-06T12:23:08+00:00","breadcrumb":{"@id":"https:\/\/sannedeboer.nl\/de\/#breadcrumb"},"inLanguage":"de","potentialAction":[{"@type":"ReadAction","target":["https:\/\/sannedeboer.nl\/de\/"]}]},{"@type":"ImageObject","inLanguage":"de","@id":"https:\/\/sannedeboer.nl\/de\/#primaryimage","url":"https:\/\/sannedeboer.nl\/wp-content\/uploads\/2020\/10\/mafiopoli.jpg","contentUrl":"https:\/\/sannedeboer.nl\/wp-content\/uploads\/2020\/10\/mafiopoli.jpg","width":1500,"height":1664},{"@type":"BreadcrumbList","@id":"https:\/\/sannedeboer.nl\/de\/#breadcrumb","itemListElement":[{"@type":"ListItem","position":1,"name":"Home","item":"https:\/\/sannedeboer.nl\/de\/"},{"@type":"ListItem","position":2,"name":"\u2019Ndrangheta:"}]},{"@type":"WebSite","@id":"https:\/\/sannedeboer.nl\/de\/#website","url":"https:\/\/sannedeboer.nl\/de\/","name":"Sanne de Boer","description":"Auteur Mafiopoli","potentialAction":[{"@type":"SearchAction","target":{"@type":"EntryPoint","urlTemplate":"https:\/\/sannedeboer.nl\/de\/?s={search_term_string}"},"query-input":{"@type":"PropertyValueSpecification","valueRequired":true,"valueName":"search_term_string"}}],"inLanguage":"de"}]}},"_links":{"self":[{"href":"https:\/\/sannedeboer.nl\/de\/wp-json\/wp\/v2\/pages\/613"}],"collection":[{"href":"https:\/\/sannedeboer.nl\/de\/wp-json\/wp\/v2\/pages"}],"about":[{"href":"https:\/\/sannedeboer.nl\/de\/wp-json\/wp\/v2\/types\/page"}],"author":[{"embeddable":true,"href":"https:\/\/sannedeboer.nl\/de\/wp-json\/wp\/v2\/users\/1"}],"replies":[{"embeddable":true,"href":"https:\/\/sannedeboer.nl\/de\/wp-json\/wp\/v2\/comments?post=613"}],"version-history":[{"count":30,"href":"https:\/\/sannedeboer.nl\/de\/wp-json\/wp\/v2\/pages\/613\/revisions"}],"predecessor-version":[{"id":770,"href":"https:\/\/sannedeboer.nl\/de\/wp-json\/wp\/v2\/pages\/613\/revisions\/770"}],"wp:featuredmedia":[{"embeddable":true,"href":"https:\/\/sannedeboer.nl\/de\/wp-json\/wp\/v2\/media\/576"}],"wp:attachment":[{"href":"https:\/\/sannedeboer.nl\/de\/wp-json\/wp\/v2\/media?parent=613"}],"curies":[{"name":"wp","href":"https:\/\/api.w.org\/{rel}","templated":true}]}}